{"id":25200,"date":"2021-05-09T09:47:41","date_gmt":"2021-05-09T12:47:41","guid":{"rendered":"http:\/\/fadei.com.ar\/?post_type=product&#038;p=25200"},"modified":"2025-05-13T18:35:31","modified_gmt":"2025-05-13T21:35:31","slug":"imagenologia-mamaria-2","status":"publish","type":"product","link":"https:\/\/fadei.com.ar\/en\/product\/imagenologia-mamaria-2\/","title":{"rendered":"Breast Imaging"},"content":{"rendered":"<p><strong>BREAST IMAGENOLOGY<\/strong><\/p>\n<p>Comienza el viernes 30 de Mayo.<\/p>\n<p>It takes place once a week from 7:00 p.m. to 9:00 p.m.<\/p>\n<p>Duraci\u00f3n: 4 meses Incluye practicas (Optativas)<\/p>\n<p>VALOR TOTAL DEL CURSO $220.000 (mercado pago) o $200.000 si te inscrib\u00eds por formulario de inscripci\u00f3n y pagas por transferencia o dep\u00f3sito.<\/p>\n<p>Formulario: <a href=\"https:\/\/forms.gle\/RmxiGGgM5UdBzWuL8\">https:\/\/forms.gle\/RmxiGGgM5UdBzWuL8<\/a><\/p>","protected":false},"excerpt":{"rendered":"<p><strong>BREAST IMAGENOLOGY<\/strong><\/p>\n<p>Comienza el viernes 30 de Mayo.<\/p>\n<p>It takes place once a week from 7:00 p.m. to 9:00 p.m.<\/p>\n<p>Duraci\u00f3n: 4 meses Incluye practicas (Optativas)<\/p>\n<p>VALOR TOTAL DEL CURSO $220.000 (mercado pago) o $200.000 si te inscrib\u00eds por formulario de inscripci\u00f3n y pagas por transferencia o dep\u00f3sito.<\/p>\n<p>Formulario: <a href=\"https:\/\/forms.gle\/RmxiGGgM5UdBzWuL8\">https:\/\/forms.gle\/RmxiGGgM5UdBzWuL8<\/a><\/p>","protected":false},"featured_media":25915,"template":"","meta":{"_et_pb_use_builder":"off","_et_pb_old_content":"<strong>IMAGENOLOG\u00cdA MAMARIA<\/strong>\r\n\r\nComienza el viernes 13 de Septiembre\r\n\r\nSe cursa una vez la semana de 19:00 a 21:00 horas.\r\n\r\nDuraci\u00f3n: 4 meses\r\n\r\nIncluye practicas (Optativas)\r\n\r\nVALOR TOTAL DEL CURSO $120.000","_et_gb_content_width":""},"product_brand":[],"product_cat":[21],"product_tag":[],"class_list":{"0":"post-25200","1":"product","2":"type-product","3":"status-publish","4":"has-post-thumbnail","6":"product_cat-cursos","8":"first","9":"instock","10":"featured","11":"sold-individually","12":"shipping-taxable","13":"purchasable","14":"product-type-simple"},"_links":{"self":[{"href":"https:\/\/fadei.com.ar\/en\/wp-json\/wp\/v2\/product\/25200","targetHints":{"allow":["GET"]}}],"collection":[{"href":"https:\/\/fadei.com.ar\/en\/wp-json\/wp\/v2\/product"}],"about":[{"href":"https:\/\/fadei.com.ar\/en\/wp-json\/wp\/v2\/types\/product"}],"wp:featuredmedia":[{"embeddable":true,"href":"https:\/\/fadei.com.ar\/en\/wp-json\/wp\/v2\/media\/25915"}],"wp:attachment":[{"href":"https:\/\/fadei.com.ar\/en\/wp-json\/wp\/v2\/media?parent=25200"}],"wp:term":[{"taxonomy":"product_brand","embeddable":true,"href":"https:\/\/fadei.com.ar\/en\/wp-json\/wp\/v2\/product_brand?post=25200"},{"taxonomy":"product_cat","embeddable":true,"href":"https:\/\/fadei.com.ar\/en\/wp-json\/wp\/v2\/product_cat?post=25200"},{"taxonomy":"product_tag","embeddable":true,"href":"https:\/\/fadei.com.ar\/en\/wp-json\/wp\/v2\/product_tag?post=25200"}],"curies":[{"name":"wp","href":"https:\/\/api.w.org\/{rel}","templated":true}]}}