{"id":24898,"date":"2020-11-15T18:15:24","date_gmt":"2020-11-15T21:15:24","guid":{"rendered":"http:\/\/fadei.com.ar\/?post_type=product&#038;p=24898"},"modified":"2025-05-13T18:34:11","modified_gmt":"2025-05-13T21:34:11","slug":"resonancia-magnetica-nuclear","status":"publish","type":"product","link":"https:\/\/fadei.com.ar\/pt\/produto\/resonancia-magnetica-nuclear\/","title":{"rendered":"Resson\u00e2ncia magn\u00e9tica"},"content":{"rendered":"<p><strong>RESSON\u00c2NCIA MAGN\u00c9TICA<\/strong> Comienza el Jueves 29 de Mayo. Se cursa una vez a la semana de 19:00 a 21:00 horas. Duraci\u00f3n: 4 meses INCLUYE PRACTICAS (optativas). VALOR TOTAL DEL CURSO $220.000 (mercado pago) o 200.000 si te inscrib\u00eds por formulario de inscripci\u00f3n y pagas por transferencia o dep\u00f3sito.<\/p>\n<p>Formulario: <a href=\"https:\/\/forms.gle\/RmxiGGgM5UdBzWuL8\">https:\/\/forms.gle\/RmxiGGgM5UdBzWuL8<\/a><\/p>","protected":false},"excerpt":{"rendered":"<p><strong>RESSON\u00c2NCIA MAGN\u00c9TICA<\/strong><\/p>\n<p>Comienza el jueves 29 de Mayo.<\/p>\n<p>Acontece uma vez por semana, das 19h \u00e0s 21h.<\/p>\n<p>Dura\u00e7\u00e3o: 4 meses<\/p>\n<p>INCLUI PR\u00c1TICAS (opcional).<\/p>\n<p>Valor total del curso: $220.000<\/p>","protected":false},"featured_media":25914,"template":"","meta":{"_et_pb_use_builder":"off","_et_pb_old_content":"<strong>RESONANCIA MAGN\u00c9TICA<\/strong>\r\n\r\nComienza el jueves 23 de enero\r\n\r\nSe cursa una vez a la semana de 19:00 a 21:00 horas.\r\n\r\nDuraci\u00f3n: 4 meses\r\n\r\nINCLUYE PRACTICAS (optativas).\r\n\r\nValor total del curso: $160.000","_et_gb_content_width":""},"product_brand":[],"product_cat":[21],"product_tag":[],"class_list":{"0":"post-24898","1":"product","2":"type-product","3":"status-publish","4":"has-post-thumbnail","6":"product_cat-cursos","8":"first","9":"instock","10":"featured","11":"virtual","12":"sold-individually","13":"purchasable","14":"product-type-simple"},"_links":{"self":[{"href":"https:\/\/fadei.com.ar\/pt\/wp-json\/wp\/v2\/product\/24898","targetHints":{"allow":["GET"]}}],"collection":[{"href":"https:\/\/fadei.com.ar\/pt\/wp-json\/wp\/v2\/product"}],"about":[{"href":"https:\/\/fadei.com.ar\/pt\/wp-json\/wp\/v2\/types\/product"}],"wp:featuredmedia":[{"embeddable":true,"href":"https:\/\/fadei.com.ar\/pt\/wp-json\/wp\/v2\/media\/25914"}],"wp:attachment":[{"href":"https:\/\/fadei.com.ar\/pt\/wp-json\/wp\/v2\/media?parent=24898"}],"wp:term":[{"taxonomy":"product_brand","embeddable":true,"href":"https:\/\/fadei.com.ar\/pt\/wp-json\/wp\/v2\/product_brand?post=24898"},{"taxonomy":"product_cat","embeddable":true,"href":"https:\/\/fadei.com.ar\/pt\/wp-json\/wp\/v2\/product_cat?post=24898"},{"taxonomy":"product_tag","embeddable":true,"href":"https:\/\/fadei.com.ar\/pt\/wp-json\/wp\/v2\/product_tag?post=24898"}],"curies":[{"name":"wp","href":"https:\/\/api.w.org\/{rel}","templated":true}]}}