{"id":24899,"date":"2020-11-15T18:16:38","date_gmt":"2020-11-15T21:16:38","guid":{"rendered":"http:\/\/fadei.com.ar\/?post_type=product&#038;p=24899"},"modified":"2025-05-13T18:32:00","modified_gmt":"2025-05-13T21:32:00","slug":"tomografia-computada","status":"publish","type":"product","link":"https:\/\/fadei.com.ar\/pt\/produto\/tomografia-computada\/","title":{"rendered":"Tomografia computadorizada"},"content":{"rendered":"<p><strong>TOMOGRAFIA COMPUTADORIZADA<\/strong> Comienza el mi\u00e9rcoles 28 de Mayo. Se cursa una vez a la semana de 19:00 a 22:00 horas. Duraci\u00f3n: 4 meses. Incluye practicas (Optativas) VALOR TOTAL DEL CURSO $220.000 (mercado pago) o 200.000 si te inscrib\u00eds por formulario de inscripci\u00f3n y pagas por transferencia o dep\u00f3sito.<\/p>\n<p>Formulario: <a href=\"https:\/\/forms.gle\/RmxiGGgM5UdBzWuL8\">https:\/\/forms.gle\/RmxiGGgM5UdBzWuL8<\/a><\/p>","protected":false},"excerpt":{"rendered":"<p><strong>TOMOGRAFIA COMPUTADORIZADA<\/strong><\/p>\n<p>Comienza el 28 de mayo.<\/p>\n<p>Acontece uma vez por semana, das 19h00 \u00e0s 22h00.<\/p>\n<p>Dura\u00e7\u00e3o: 4 meses<\/p>\n<p>Valor completo del curso: $ 220.000<\/p>","protected":false},"featured_media":25913,"template":"","meta":{"_et_pb_use_builder":"off","_et_pb_old_content":"<strong>TOMOGRAF\u00cdA COMPUTADA<\/strong>\r\n\r\nComienza el 22 de enero.\r\n\r\nSe cursa una vez la semana de 19:00 a 22:00 horas.\r\n\r\nDuraci\u00f3n: 4 meses\r\n\r\nValor completo del curso: $160.000","_et_gb_content_width":""},"product_brand":[],"product_cat":[21],"product_tag":[],"class_list":{"0":"post-24899","1":"product","2":"type-product","3":"status-publish","4":"has-post-thumbnail","6":"product_cat-cursos","8":"first","9":"instock","10":"featured","11":"virtual","12":"sold-individually","13":"purchasable","14":"product-type-simple"},"_links":{"self":[{"href":"https:\/\/fadei.com.ar\/pt\/wp-json\/wp\/v2\/product\/24899","targetHints":{"allow":["GET"]}}],"collection":[{"href":"https:\/\/fadei.com.ar\/pt\/wp-json\/wp\/v2\/product"}],"about":[{"href":"https:\/\/fadei.com.ar\/pt\/wp-json\/wp\/v2\/types\/product"}],"wp:featuredmedia":[{"embeddable":true,"href":"https:\/\/fadei.com.ar\/pt\/wp-json\/wp\/v2\/media\/25913"}],"wp:attachment":[{"href":"https:\/\/fadei.com.ar\/pt\/wp-json\/wp\/v2\/media?parent=24899"}],"wp:term":[{"taxonomy":"product_brand","embeddable":true,"href":"https:\/\/fadei.com.ar\/pt\/wp-json\/wp\/v2\/product_brand?post=24899"},{"taxonomy":"product_cat","embeddable":true,"href":"https:\/\/fadei.com.ar\/pt\/wp-json\/wp\/v2\/product_cat?post=24899"},{"taxonomy":"product_tag","embeddable":true,"href":"https:\/\/fadei.com.ar\/pt\/wp-json\/wp\/v2\/product_tag?post=24899"}],"curies":[{"name":"wp","href":"https:\/\/api.w.org\/{rel}","templated":true}]}}